{"id":5910,"date":"2023-09-22T16:29:34","date_gmt":"2023-09-22T15:29:34","guid":{"rendered":"https:\/\/esgr-impact.com\/carrito\/"},"modified":"2025-10-05T15:10:03","modified_gmt":"2025-10-05T14:10:03","slug":"carrito","status":"publish","type":"page","link":"https:\/\/esgr-impact.com\/es\/carrito\/","title":{"rendered":"Carrito"},"content":{"rendered":"<p><div class=\"fusion-fullwidth fullwidth-box fusion-builder-row-1 fusion-flex-container has-pattern-background has-mask-background fusion-parallax-none nonhundred-percent-fullwidth non-hundred-percent-height-scrolling lazyload\" style=\"--awb-background-position:right center;--awb-border-radius-top-left:0px;--awb-border-radius-top-right:0px;--awb-border-radius-bottom-right:0px;--awb-border-radius-bottom-left:0px;--awb-padding-top:110px;--awb-padding-bottom:110px;--awb-padding-top-medium:45px;--awb-padding-bottom-medium:72px;--awb-background-color:var(--awb-color7);--awb-background-image:linear-gradient(180deg, hsla(var(--awb-color5-h),var(--awb-color5-s),calc(var(--awb-color5-l) - 15%),calc(var(--awb-color5-a) - 80%)) 0%,hsla(var(--awb-color5-h),var(--awb-color5-s),calc(var(--awb-color5-l) - 15%),calc(var(--awb-color5-a) - 80%)) 100%);;--awb-background-size:cover;--awb-flex-wrap:wrap;\" data-bg=\"http:\/\/esgr-impact.com\/wp-content\/uploads\/2023\/09\/bg-5.jpg\" data-bg-gradient=\"linear-gradient(180deg, hsla(var(--awb-color5-h),var(--awb-color5-s),calc(var(--awb-color5-l) - 15%),calc(var(--awb-color5-a) - 80%)) 0%,hsla(var(--awb-color5-h),var(--awb-color5-s),calc(var(--awb-color5-l) - 15%),calc(var(--awb-color5-a) - 80%)) 100%)\" ><div class=\"awb-background-mask\" style=\"background-image:  url(data:image\/svg+xml;utf8,%3Csvg%20width%3D%221920%22%20height%3D%22954%22%20fill%3D%22none%22%20xmlns%3D%22http%3A%2F%2Fwww.w3.org%2F2000%2Fsvg%22%3E%3Cg%20clip-path%3D%22url%28%23prefix__clip0_75_23245%29%22%3E%3Cpath%20fill-rule%3D%22evenodd%22%20clip-rule%3D%22evenodd%22%20d%3D%22M2351.91%20237.689l-852.66-492.288L1352.25%200H0v954h801.461l-.689%201.194%20852.668%20492.286%2010.79-18.7L841.885%20954h136.628l719.877%20415.62%2016.46-28.51L1044.35%20954h109.29l588.53%20339.79%2020.98-36.33L1237.53%20954h81.97l464.14%20267.97%2030.74-53.25L1442.47%20954h54.66l330.91%20191.06%2046.45-80.46L1682.93%20954h27.3l171.09%2098.78%2054.86-95.016-16.18-9.339v-7.881l19.59%2011.31%20412.32-714.165zM1920%20948.425l-836.49-482.948-54.86%2095.015L1710.23%20954H1920v-5.575zM1682.93%20954l-661.1-381.686-46.453%2080.454L1497.13%20954h185.8zm-240.46%200L961.712%20676.436l-30.743%2053.248L1319.5%20954h122.97zm-204.94%200L910.479%20765.174%20889.506%20801.5%201153.64%20954h83.89zm-193.18%200L862.184%20848.824l-16.46%2028.51L978.513%20954h65.837zm-202.465%200l-30.318-17.504L801.461%20954h40.424zM1920%20940.544l-833.08-480.978L1352.25%200H1920v940.544zm-307.55%20577.926l-852.666-492.28-6.215%2010.76%20852.671%20492.29%206.21-10.77zm-906.694-398.7l852.664%20492.28-2.6%204.51-852.663-492.29%202.599-4.5z%22%20fill%3D%22rgba%2830%2C41%2C38%2C1%29%22%2F%3E%3C%2Fg%3E%3Cdefs%3E%3CclipPath%20id%3D%22prefix__clip0_75_23245%22%3E%3Cpath%20fill%3D%22%23fff%22%20d%3D%22M0%200h1920v954H0z%22%2F%3E%3C%2FclipPath%3E%3C%2Fdefs%3E%3C%2Fsvg%3E);opacity: 1 ;transform: scale(1, -1);mix-blend-mode:normal;\"><\/div><div class=\"fusion-builder-row fusion-row fusion-flex-align-items-center fusion-flex-content-wrap\" style=\"max-width:1268.8px;margin-left: calc(-4% \/ 2 );margin-right: calc(-4% \/ 2 );\"><div class=\"fusion-layout-column fusion_builder_column fusion-builder-column-0 fusion_builder_column_2_3 2_3 fusion-flex-column fusion-animated\" style=\"--awb-bg-size:cover;--awb-width-large:66.666666666667%;--awb-margin-top-large:0px;--awb-spacing-right-large:9.36%;--awb-margin-bottom-large:0px;--awb-spacing-left-large:2.88%;--awb-width-medium:66.666666666667%;--awb-order-medium:0;--awb-spacing-right-medium:9.36%;--awb-spacing-left-medium:2.88%;--awb-width-small:100%;--awb-order-small:1;--awb-spacing-right-small:1.92%;--awb-spacing-left-small:1.92%;\" data-animationType=\"fadeInUp\" data-animationDuration=\"1.3\" data-animationOffset=\"top-into-view\"><div class=\"fusion-column-wrapper fusion-column-has-shadow fusion-flex-justify-content-flex-start fusion-content-layout-column\"><div class=\"fusion-title title fusion-title-1 fusion-sep-none fusion-title-text fusion-title-size-two\" style=\"--awb-text-color:var(--awb-color1);--awb-margin-top:0px;\"><h2 class=\"fusion-title-heading title-heading-left fusion-responsive-typography-calculated\" style=\"margin:0;--fontSize:50;line-height:var(--awb-typography1-line-height);\">Carrito<\/h2><\/div><div class=\"fusion-text fusion-text-1 fusion-text-no-margin\" style=\"--awb-font-size:var(--awb-typography4-font-size);--awb-line-height:var(--awb-typography4-line-height);--awb-letter-spacing:var(--awb-typography4-letter-spacing);--awb-text-transform:var(--awb-typography4-text-transform);--awb-text-color:var(--awb-color1);--awb-margin-right:25%;--awb-text-font-family:var(--awb-typography4-font-family);--awb-text-font-weight:var(--awb-typography4-font-weight);--awb-text-font-style:var(--awb-typography4-font-style);\"><p>Vulputate enim etiam sit eget. Neque nunc, sit interdum turpis amet tortor massa turpis urna elementum dolor.<\/p>\n<\/div><\/div><\/div><\/div><\/div><div class=\"fusion-fullwidth fullwidth-box fusion-builder-row-2 fusion-flex-container nonhundred-percent-fullwidth non-hundred-percent-height-scrolling\" style=\"--link_hover_color: var(--awb-color4);--awb-border-sizes-top:0px;--awb-border-sizes-bottom:0px;--awb-border-sizes-left:0px;--awb-border-sizes-right:0px;--awb-border-radius-top-left:0px;--awb-border-radius-top-right:0px;--awb-border-radius-bottom-right:0px;--awb-border-radius-bottom-left:0px;--awb-padding-top:110px;--awb-padding-bottom:110px;--awb-padding-top-medium:95px;--awb-padding-bottom-medium:95px;--awb-padding-top-small:50px;--awb-padding-bottom-small:50px;--awb-margin-top:0px;--awb-margin-bottom:0px;--awb-background-color:var(--awb-color2);--awb-flex-wrap:wrap;\" ><div class=\"fusion-builder-row fusion-row fusion-flex-align-items-flex-start fusion-flex-justify-content-center fusion-flex-content-wrap\" style=\"max-width:calc( 1220px + 100px );margin-left: calc(-100px \/ 2 );margin-right: calc(-100px \/ 2 );\"><div class=\"fusion-layout-column fusion_builder_column fusion-builder-column-1 fusion_builder_column_2_3 2_3 fusion-flex-column fusion-animated\" style=\"--awb-padding-top:40px;--awb-padding-right:40px;--awb-padding-bottom:25px;--awb-padding-left:40px;--awb-padding-top-small:85px;--awb-bg-color:var(--awb-color1);--awb-bg-color-hover:var(--awb-color1);--awb-bg-size:cover;--awb-border-color:var(--awb-color7);--awb-border-top:1px;--awb-border-right:1px;--awb-border-bottom:1px;--awb-border-left:1px;--awb-border-style:solid;--awb-width-large:66.666666666667%;--awb-margin-top-large:0px;--awb-spacing-right-large:50px;--awb-margin-bottom-large:0px;--awb-spacing-left-large:50px;--awb-width-medium:100%;--awb-order-medium:0;--awb-spacing-right-medium:50px;--awb-margin-bottom-medium:60px;--awb-spacing-left-medium:50px;--awb-width-small:100%;--awb-order-small:0;--awb-spacing-right-small:50px;--awb-spacing-left-small:50px;\" data-animationType=\"fadeInUp\" data-animationDuration=\"1.3\" data-animationOffset=\"top-into-view\"><div class=\"fusion-column-wrapper fusion-column-has-shadow fusion-flex-justify-content-flex-start fusion-content-layout-column\">\t\t\t\t\t<div class=\"fusion-woo-cart_table-wrapper\">\n\t\t\t\t\t\t\t\t\t\t<form class=\"woocommerce-cart-form woocommerce\" action=\"https:\/\/esgr-impact.com\/es\/carrito\/\" method=\"post\">\n\t\t\t\t\t\t\t\t\t\t<table class=\"shop_table shop_table_responsive cart woocommerce-cart-form__contents fusion-woo-cart_table fusion-woo-cart_table-1 has-auto-height\" style=\"--awb-margin-bottom:40px;--awb-cell-padding-top:20px;--awb-cell-padding-bottom:20px;--awb-heading-font-size:17px;--awb-heading-letter-spacing:var(--awb-typography2-letter-spacing);--awb-text-font-size:var(--awb-typography4-font-size);--awb-text-letter-spacing:var(--awb-typography4-letter-spacing);--awb-fusion-font-family-heading-font:var(--awb-typography2-font-family);--awb-fusion-font-variant-heading-font:var(--awb-typography2);--awb-heading-line-height:var(--awb-typography2-line-height);--awb-heading-text-transform:var(--awb-typography2-text-transform);--awb-fusion-font-family-text-font:var(--awb-typography4-font-family);--awb-fusion-font-variant-text-font:var(--awb-typography4);--awb-text-line-height:var(--awb-typography4-line-height);--awb-text-text-transform:var(--awb-typography4-text-transform);\" cellspacing=\"0\">\n\t\t\t\t\t\t\t\t\t\t\t<thead>\n\t\t\t\t\t<tr>\n\t\t\t\t\t\t\t\t\t\t\t\t\t\t\t\t\t\t\t\t\t<th scope=\"col\" class=\"product-name\">Product<\/th>\n\t\t\t\t\t\t\t\t\t\t\t\t\t\t\t\t\t\t\t\t\t\t\t\t\t\t\t\t\t<th scope=\"col\" class=\"product-price\">Price<\/th>\n\t\t\t\t\t\t\t\t\t\t\t\t\t\t\t\t\t\t\t\t\t\t\t\t\t\t\t\t\t<th scope=\"col\" class=\"product-quantity\">Quantity<\/th>\n\t\t\t\t\t\t\t\t\t\t\t\t\t\t\t\t\t\t\t\t\t\t\t\t\t\t\t\t\t<th scope=\"col\" class=\"product-subtotal\">Subtotal<\/th>\n\t\t\t\t\t\t\t\t\t\t\t\t\t\t\t\t\t\t\t\t\t\t\t\t\t\t\t\t\t<th scope=\"col\" class=\"product-remove\"><span class=\"screen-reader-text\">Eliminar art\u00edculo<\/span><\/th>\n\t\t\t\t\t\t\t\t\t\t\t\t\t\t\t\t\t\t<\/tr>\n\t\t\t\t\t<\/thead>\n\t\t\t\t\t\t\t\t\t\t\t\t\t\t\t\t<tr class=\"avada-cart-actions\">\n\t\t\t\t\t\t\t<td class=\"actions\">\n\t\t\t\t\t\t\t\t\t\t\t\t\t\t\t\t\t<div class=\"coupon\">\n\t\t\t\t\t\t\t\t\t\t<label for=\"coupon_code\">Cup\u00f3n:<\/label>\n\t\t\t\t\t\t\t\t\t\t<input type=\"text\" name=\"coupon_code\" class=\"input-text\" id=\"coupon_code\" value=\"\" placeholder=\"C\u00f3digo de cup\u00f3n\" \/> <button type=\"submit\" class=\"button\" name=\"apply_coupon\" value=\"Aplicar cup\u00f3n\">Aplicar cup\u00f3n<\/button>\n\t\t\t\t\t\t\t\t\t\t\t\t\t\t\t\t\t\t\t<\/div>\n\t\t\t\t\t\t\t\t\t\t\t\t\t\t\t\t\t\t\t\t\t\t\t\t<button type=\"submit\" class=\"button\" name=\"update_cart\">\n\t\t\t\t\t\t\t\tActualizar carrito<\/button>\n\t\t\t\t\t\t\t\t<input type=\"hidden\" id=\"woocommerce-cart-nonce\" name=\"woocommerce-cart-nonce\" value=\"b61036dd31\" \/><input type=\"hidden\" name=\"_wp_http_referer\" value=\"\/es\/wp-json\/wp\/v2\/pages\/5910\" \/>\t\t\t\t\t\t\t<\/td>\n\t\t\t\t\t\t<\/tr>\n\t\t\t\t\t\t\t\t\t\t\t<\/table>\n\n\t\t\t\t\t<\/form>\n\t\t\t\t\t<\/div>\n\t\t\t\t\t<div class=\"fusion-title title fusion-title-2 fusion-sep-none fusion-title-text fusion-title-size-four\" style=\"--awb-text-color:var(--awb-color7);--awb-margin-top:0px;--awb-margin-bottom:35px;\"><h4 class=\"fusion-title-heading title-heading-left fusion-responsive-typography-calculated\" style=\"margin:0;--fontSize:23;line-height:var(--awb-typography1-line-height);\">Informaci\u00f3n de env\u00edo<\/h4><\/div><div class=\"fusion-title title fusion-title-3 fusion-sep-none fusion-title-text fusion-title-size-four\" style=\"--awb-text-color:var(--awb-color7);--awb-margin-top:0px;--awb-margin-bottom:35px;--awb-margin-bottom-small:30px;\"><h4 class=\"fusion-title-heading title-heading-left fusion-responsive-typography-calculated\" style=\"margin:0;--fontSize:23;line-height:var(--awb-typography1-line-height);\">Puede que le interese&#8230;<\/h4><\/div><\/div><\/div><div class=\"fusion-layout-column fusion_builder_column fusion-builder-column-2 fusion_builder_column_1_3 1_3 fusion-flex-column fusion-animated\" style=\"--awb-bg-position:center center;--awb-bg-size:cover;--awb-width-large:33.333333333333%;--awb-margin-top-large:0px;--awb-spacing-right-large:50px;--awb-margin-bottom-large:0px;--awb-spacing-left-large:calc( 0.04 * calc( 100% - 100px ) );--awb-width-medium:100%;--awb-order-medium:0;--awb-spacing-right-medium:50px;--awb-spacing-left-medium:calc( 0.013333333333333 * calc( 100% - 100px ) );--awb-width-small:100%;--awb-order-small:0;--awb-spacing-right-small:50px;--awb-spacing-left-small:50px;\" data-animationType=\"fadeInUp\" data-animationDuration=\"1.3\" data-animationOffset=\"top-into-view\"><div class=\"fusion-column-wrapper fusion-column-has-shadow fusion-flex-justify-content-flex-start fusion-content-layout-column\"><div class=\"fusion-builder-row fusion-builder-row-inner fusion-row fusion-flex-align-items-flex-start fusion-flex-justify-content-center fusion-flex-content-wrap\" style=\"width:calc( 100% + 100px ) !important;max-width:calc( 100% + 100px ) !important;margin-left: calc(-100px \/ 2 );margin-right: calc(-100px \/ 2 );\"><div class=\"fusion-layout-column fusion_builder_column_inner fusion-builder-nested-column-0 fusion_builder_column_inner_1_1 1_1 fusion-flex-column\" style=\"--awb-padding-top:40px;--awb-padding-right:40px;--awb-padding-bottom:40px;--awb-padding-left:40px;--awb-padding-top-small:30px;--awb-padding-right-small:35px;--awb-padding-bottom-small:35px;--awb-padding-left-small:35px;--awb-bg-color:var(--awb-color7);--awb-bg-color-hover:var(--awb-color7);--awb-bg-image:linear-gradient(180deg, hsla(var(--awb-color7-h),var(--awb-color7-s),var(--awb-color7-l),calc(var(--awb-color7-a) - 30%)) 0%,hsla(var(--awb-color7-h),var(--awb-color7-s),var(--awb-color7-l),calc(var(--awb-color7-a) - 30%)) 100%);;--awb-bg-size:cover;--awb-width-large:100%;--awb-margin-top-large:0px;--awb-spacing-right-large:50px;--awb-margin-bottom-large:30px;--awb-spacing-left-large:50px;--awb-width-medium:100%;--awb-order-medium:0;--awb-spacing-right-medium:50px;--awb-spacing-left-medium:50px;--awb-width-small:100%;--awb-order-small:0;--awb-spacing-right-small:50px;--awb-spacing-left-small:50px;\"><div class=\"fusion-column-wrapper lazyload fusion-column-has-shadow fusion-flex-justify-content-flex-start fusion-content-layout-column fusion-column-has-bg-image\" data-bg-url=\"http:\/\/esgr-impact.com\/wp-content\/uploads\/2023\/09\/product-3.jpg\" data-bg=\"http:\/\/esgr-impact.com\/wp-content\/uploads\/2023\/09\/product-3.jpg\" data-bg-gradient=\"linear-gradient(180deg, hsla(var(--awb-color7-h),var(--awb-color7-s),var(--awb-color7-l),calc(var(--awb-color7-a) - 30%)) 0%,hsla(var(--awb-color7-h),var(--awb-color7-s),var(--awb-color7-l),calc(var(--awb-color7-a) - 30%)) 100%)\"><div class=\"fusion-title title fusion-title-4 fusion-sep-none fusion-title-text fusion-title-size-three\" style=\"--awb-text-color:var(--awb-color1);--awb-margin-top:0px;--awb-margin-bottom:5px;--awb-font-size:22px;\"><h3 class=\"fusion-title-heading title-heading-left fusion-responsive-typography-calculated\" style=\"margin:0;font-size:1em;--fontSize:22;line-height:1.45;\">Total del carrito:  <span class=\"fusion-dynamic-cart-count-wrapper\" data-singular=\"  art\u00edculo\" data-plural=\"  art\u00edculos\">  art\u00edculos<\/span><\/h3><\/div><div ><a class=\"fusion-button button-flat fusion-button-default-size button-custom fusion-button-default button-1 fusion-button-span-yes \" style=\"--button_accent_color:var(--awb-color8);--button_border_color:var(--awb-color8);--button_accent_hover_color:var(--awb-color1);--button_border_hover_color:var(--awb-color1);--button_border_width-top:0px;--button_border_width-right:0px;--button_border_width-bottom:0px;--button_border_width-left:0px;--button_gradient_top_color:var(--awb-color1);--button_gradient_bottom_color:var(--awb-color1);--button_gradient_top_color_hover:var(--awb-color8);--button_gradient_bottom_color_hover:var(--awb-color8);--button_text_transform:var(--awb-typography3-text-transform);--button_font_size:var(--awb-typography3-font-size);--button_line_height:var(--awb-typography3-line-height);--button_padding-top:13px;--button_padding-right:29px;--button_padding-bottom:13px;--button_padding-left:29px;--button_typography-letter-spacing:var(--awb-typography3-letter-spacing);--button_typography-font-family:var(--awb-typography3-font-family);--button_typography-font-weight:var(--awb-typography3-font-weight);--button_typography-font-style:var(--awb-typography3-font-style);--button_margin-bottom:10px;\" target=\"_self\" href=\"#updateCart\"><span class=\"fusion-button-text awb-button__text awb-button__text--default\">Actualizar carrito<\/span><i class=\"retail-sync awb-button__icon awb-button__icon--default button-icon-right\" aria-hidden=\"true\"><\/i><\/a><\/div><div ><a class=\"fusion-button button-flat fusion-button-default-size button-default fusion-button-default button-2 fusion-button-span-yes \" style=\"--button_text_transform:var(--awb-typography3-text-transform);--button_font_size:var(--awb-typography3-font-size);--button_line_height:var(--awb-typography3-line-height);--button_padding-top:13px;--button_padding-right:29px;--button_padding-bottom:13px;--button_padding-left:29px;--button_typography-letter-spacing:var(--awb-typography3-letter-spacing);--button_typography-font-family:var(--awb-typography3-font-family);--button_typography-font-weight:var(--awb-typography3-font-weight);--button_typography-font-style:var(--awb-typography3-font-style);--button_margin-bottom:0px;\" target=\"_self\" href=\"https:\/\/esgr-impact.com\/checkout\/\"><span class=\"fusion-button-text awb-button__text awb-button__text--default\">Finalizar compra<\/span><\/a><\/div><\/div><\/div><\/div><div class=\"fusion-builder-row fusion-builder-row-inner fusion-row fusion-flex-align-items-flex-start fusion-flex-justify-content-center fusion-flex-content-wrap\" style=\"width:calc( 100% + 100px ) !important;max-width:calc( 100% + 100px ) !important;margin-left: calc(-100px \/ 2 );margin-right: calc(-100px \/ 2 );\"><div class=\"fusion-layout-column fusion_builder_column_inner fusion-builder-nested-column-1 fusion_builder_column_inner_1_1 1_1 fusion-flex-column\" style=\"--awb-padding-top:40px;--awb-padding-right:40px;--awb-padding-bottom:40px;--awb-padding-left:40px;--awb-padding-top-small:30px;--awb-padding-right-small:35px;--awb-padding-bottom-small:35px;--awb-padding-left-small:35px;--awb-bg-color:var(--awb-color7);--awb-bg-color-hover:var(--awb-color7);--awb-bg-size:cover;--awb-width-large:100%;--awb-margin-top-large:0px;--awb-spacing-right-large:50px;--awb-margin-bottom-large:0px;--awb-spacing-left-large:50px;--awb-width-medium:100%;--awb-order-medium:0;--awb-spacing-right-medium:50px;--awb-spacing-left-medium:50px;--awb-width-small:100%;--awb-order-small:0;--awb-spacing-right-small:50px;--awb-spacing-left-small:50px;\"><div class=\"fusion-column-wrapper fusion-column-has-shadow fusion-flex-justify-content-flex-start fusion-content-layout-column\"><div class=\"fusion-title title fusion-title-5 fusion-sep-none fusion-title-text fusion-title-size-four\" style=\"--awb-text-color:var(--awb-color1);--awb-margin-top:0px;--awb-margin-bottom:20px;--awb-font-size:var(--awb-typography3-font-size);\"><h4 class=\"fusion-title-heading title-heading-left fusion-responsive-typography-calculated\" style=\"font-family:var(--awb-typography3-font-family);font-weight:var(--awb-typography3-font-weight);font-style:var(--awb-typography3-font-style);margin:0;letter-spacing:var(--awb-typography3-letter-spacing);text-transform:var(--awb-typography3-text-transform);font-size:1em;--fontSize:16;--minFontSize:16;line-height:var(--awb-typography3-line-height);\">\u00bfTiene un cup\u00f3n? Util\u00edcelo aqu\u00ed.<\/h4><\/div><\/div><\/div><\/div><\/div><\/div><\/div><\/div><\/p>\n","protected":false},"excerpt":{"rendered":"","protected":false},"author":1,"featured_media":0,"parent":0,"menu_order":0,"comment_status":"closed","ping_status":"closed","template":"100-width.php","meta":{"footnotes":""},"class_list":["post-5910","page","type-page","status-publish","hentry"],"yoast_head":"<!-- This site is optimized with the Yoast SEO plugin v26.0 - https:\/\/yoast.com\/wordpress\/plugins\/seo\/ -->\n<title>Carrito - esgr impact<\/title>\n<meta name=\"robots\" content=\"index, follow, max-snippet:-1, max-image-preview:large, max-video-preview:-1\" \/>\n<link rel=\"canonical\" href=\"https:\/\/esgr-impact.com\/es\/carrito\/\" \/>\n<meta property=\"og:locale\" content=\"es_ES\" \/>\n<meta property=\"og:type\" content=\"article\" \/>\n<meta property=\"og:title\" content=\"Carrito - esgr impact\" \/>\n<meta property=\"og:url\" content=\"https:\/\/esgr-impact.com\/es\/carrito\/\" \/>\n<meta property=\"og:site_name\" content=\"esgr impact\" \/>\n<meta property=\"article:modified_time\" content=\"2025-10-05T14:10:03+00:00\" \/>\n<meta name=\"twitter:card\" content=\"summary_large_image\" \/>\n<meta name=\"twitter:label1\" content=\"Tiempo de lectura\" \/>\n\t<meta name=\"twitter:data1\" content=\"20 minutos\" \/>\n<script type=\"application\/ld+json\" class=\"yoast-schema-graph\">{\"@context\":\"https:\/\/schema.org\",\"@graph\":[{\"@type\":\"WebPage\",\"@id\":\"https:\/\/esgr-impact.com\/es\/carrito\/\",\"url\":\"https:\/\/esgr-impact.com\/es\/carrito\/\",\"name\":\"Carrito - esgr impact\",\"isPartOf\":{\"@id\":\"https:\/\/esgr-impact.com\/es\/#website\"},\"datePublished\":\"2023-09-22T15:29:34+00:00\",\"dateModified\":\"2025-10-05T14:10:03+00:00\",\"breadcrumb\":{\"@id\":\"https:\/\/esgr-impact.com\/es\/carrito\/#breadcrumb\"},\"inLanguage\":\"es\",\"potentialAction\":[{\"@type\":\"ReadAction\",\"target\":[\"https:\/\/esgr-impact.com\/es\/carrito\/\"]}]},{\"@type\":\"BreadcrumbList\",\"@id\":\"https:\/\/esgr-impact.com\/es\/carrito\/#breadcrumb\",\"itemListElement\":[{\"@type\":\"ListItem\",\"position\":1,\"name\":\"Home\",\"item\":\"https:\/\/esgr-impact.com\/es\/\"},{\"@type\":\"ListItem\",\"position\":2,\"name\":\"Carrito\"}]},{\"@type\":\"WebSite\",\"@id\":\"https:\/\/esgr-impact.com\/es\/#website\",\"url\":\"https:\/\/esgr-impact.com\/es\/\",\"name\":\"esgr impact\",\"description\":\"Your Sustainable Business Toolkit\",\"potentialAction\":[{\"@type\":\"SearchAction\",\"target\":{\"@type\":\"EntryPoint\",\"urlTemplate\":\"https:\/\/esgr-impact.com\/es\/?s={search_term_string}\"},\"query-input\":{\"@type\":\"PropertyValueSpecification\",\"valueRequired\":true,\"valueName\":\"search_term_string\"}}],\"inLanguage\":\"es\"}]}<\/script>\n<!-- \/ Yoast SEO plugin. -->","yoast_head_json":{"title":"Carrito - esgr impact","robots":{"index":"index","follow":"follow","max-snippet":"max-snippet:-1","max-image-preview":"max-image-preview:large","max-video-preview":"max-video-preview:-1"},"canonical":"https:\/\/esgr-impact.com\/es\/carrito\/","og_locale":"es_ES","og_type":"article","og_title":"Carrito - esgr impact","og_url":"https:\/\/esgr-impact.com\/es\/carrito\/","og_site_name":"esgr impact","article_modified_time":"2025-10-05T14:10:03+00:00","twitter_card":"summary_large_image","twitter_misc":{"Tiempo de lectura":"20 minutos"},"schema":{"@context":"https:\/\/schema.org","@graph":[{"@type":"WebPage","@id":"https:\/\/esgr-impact.com\/es\/carrito\/","url":"https:\/\/esgr-impact.com\/es\/carrito\/","name":"Carrito - esgr impact","isPartOf":{"@id":"https:\/\/esgr-impact.com\/es\/#website"},"datePublished":"2023-09-22T15:29:34+00:00","dateModified":"2025-10-05T14:10:03+00:00","breadcrumb":{"@id":"https:\/\/esgr-impact.com\/es\/carrito\/#breadcrumb"},"inLanguage":"es","potentialAction":[{"@type":"ReadAction","target":["https:\/\/esgr-impact.com\/es\/carrito\/"]}]},{"@type":"BreadcrumbList","@id":"https:\/\/esgr-impact.com\/es\/carrito\/#breadcrumb","itemListElement":[{"@type":"ListItem","position":1,"name":"Home","item":"https:\/\/esgr-impact.com\/es\/"},{"@type":"ListItem","position":2,"name":"Carrito"}]},{"@type":"WebSite","@id":"https:\/\/esgr-impact.com\/es\/#website","url":"https:\/\/esgr-impact.com\/es\/","name":"esgr impact","description":"Your Sustainable Business Toolkit","potentialAction":[{"@type":"SearchAction","target":{"@type":"EntryPoint","urlTemplate":"https:\/\/esgr-impact.com\/es\/?s={search_term_string}"},"query-input":{"@type":"PropertyValueSpecification","valueRequired":true,"valueName":"search_term_string"}}],"inLanguage":"es"}]}},"_links":{"self":[{"href":"https:\/\/esgr-impact.com\/es\/wp-json\/wp\/v2\/pages\/5910","targetHints":{"allow":["GET"]}}],"collection":[{"href":"https:\/\/esgr-impact.com\/es\/wp-json\/wp\/v2\/pages"}],"about":[{"href":"https:\/\/esgr-impact.com\/es\/wp-json\/wp\/v2\/types\/page"}],"author":[{"embeddable":true,"href":"https:\/\/esgr-impact.com\/es\/wp-json\/wp\/v2\/users\/1"}],"replies":[{"embeddable":true,"href":"https:\/\/esgr-impact.com\/es\/wp-json\/wp\/v2\/comments?post=5910"}],"version-history":[{"count":2,"href":"https:\/\/esgr-impact.com\/es\/wp-json\/wp\/v2\/pages\/5910\/revisions"}],"predecessor-version":[{"id":5912,"href":"https:\/\/esgr-impact.com\/es\/wp-json\/wp\/v2\/pages\/5910\/revisions\/5912"}],"wp:attachment":[{"href":"https:\/\/esgr-impact.com\/es\/wp-json\/wp\/v2\/media?parent=5910"}],"curies":[{"name":"wp","href":"https:\/\/api.w.org\/{rel}","templated":true}]}}